{"id":11502,"date":"2019-03-21T15:20:48","date_gmt":"2019-03-21T20:20:48","guid":{"rendered":"https:\/\/soportehys.com\/web\/?page_id=11502"},"modified":"2025-02-23T21:37:56","modified_gmt":"2025-02-24T02:37:56","slug":"nuestro-colegio","status":"publish","type":"page","link":"https:\/\/pabloneruda.edu.co\/web\/nuestro-colegio\/","title":{"rendered":"Nuestro Colegio"},"content":{"rendered":"<div class=\"wpb-content-wrapper\"><p>[vc_row][vc_column]<div class=\"thim-widget-heading template-base\"><div class=\"sc_heading  text-center\"><h3 style=\"font-size:35px;font-weight:600;\" class=\"title\">Informaci\u00f3n <strong>Institucional<\/strong><\/h3><\/div><\/div>[\/vc_column][\/vc_row][vc_row css=\u00bb.vc_custom_1559531433775{margin-bottom: 15px !important;}\u00bb][vc_column width=\u00bb5\/12&#8243; css=\u00bb.vc_custom_1553219212365{margin-bottom: 30px !important;}\u00bb][vc_column_text css=\u00bb\u00bb]<\/p>\n<h3 class=\"thim-text-title\">Misi\u00f3n<\/h3>\n<p>La Instituci\u00f3n Educativa fundamenta su quehacer pedag\u00f3gico, promoviendo el respeto de los derechos de todas las partes interesadas de la comunidad educativa, formando integralmente a los estudiantes, desde una perspectiva de desarrollo humano incluyente, reconociendo su vulnerabilidad y caracteriz\u00e1ndose por la vivencia de valores, principios y cualidades \u00e9ticas, en el ejercicio de la construcci\u00f3n del conocimiento y la formaci\u00f3n t\u00e9cnica del saber; a trav\u00e9s del desarrollo de competencias b\u00e1sicas, tecnol\u00f3gicas, comunicativas y laborales; que le permitan el acceso a la educaci\u00f3n superior y responda a las necesidades din\u00e1micas de la sociedad, preservando el medio ambiente, respetando la diversidad en un \u00e1mbito democr\u00e1tico y participativo[\/vc_column_text][\/vc_column][vc_column width=\u00bb7\/12&#8243; css=\u00bb.vc_custom_1553219224890{margin-bottom: 30px !important;}\u00bb][vc_column_text css=\u00bb\u00bb]<\/p>\n<h3 class=\"thim-text-title\">Visi\u00f3n<\/h3>\n<p>En el 2023, la instituci\u00f3n educativa, ser\u00e1 reconocida en la formaci\u00f3n de valores, con una participaci\u00f3n democr\u00e1tica, e incluyente de los estudiantes, creaci\u00f3n de ciudadanos cr\u00edticos, creativos y propositivos, adem\u00e1s ser competitiva en la formaci\u00f3n t\u00e9cnica, desarrollando competencias laborales, para que contribuyan con su aporte en innovaci\u00f3n y cambio en el mundo laboral, industrial, social y ambiental.[\/vc_column_text][\/vc_column][\/vc_row][vc_row][vc_column][vc_tta_tabs][vc_tta_section title=\u00bbOBJETIVOS Y VALORES\u00bb tab_id=\u00bb1553201553639-a4a157b2-0618&#8243;][vc_column_text css=\u00bb\u00bb]<\/p>\n<h3 class=\"thim-text-title\">Objetivos Institucionales<\/h3>\n<ul class=\"thim-list-content\">\n<li>Ofrecer &#8230;<\/li>\n<\/ul>\n<p>&nbsp;<\/p>\n<h3 class=\"thim-text-title\">Valores Institucionales<\/h3>\n<p>Debemos entender los valores como los modos idealizados de la conducta humana, que son valiosos que son valiosos porque su representaci\u00f3n est\u00e1 dada por lo que todos quisi\u00e9ramos alcanzar, adem\u00e1s los valores institucionales, son entendidos como el marco de referencia que inspira el quehacer de como la Instituci\u00f3n orienta el cumplimiento de la misi\u00f3n y alcanzar la visi\u00f3n institucional trazada y son:<\/p>\n<ul>\n<li>TOLERANCIA<\/li>\n<li>RESPETO<\/li>\n<li>CALIDAD HUMANA<\/li>\n<li>AUTONOMIA<\/li>\n<li>EQUIDAD<\/li>\n<\/ul>\n<p>[\/vc_column_text][\/vc_tta_section][vc_tta_section title=\u00bbPRINCIPIOS\u00bb tab_id=\u00bb1553201553661-4cb8a9a4-11b5&#8243;][vc_column_text css=\u00bb\u00bb]<\/p>\n<h3 class=\"thim-text-title\">Principios Institucionales<\/h3>\n<p>Son las directrices que irradian el quehacer pedag\u00f3gico de la comunidad educativa, es el esquema para la participaci\u00f3n activa, din\u00e1mica fundamentada en los valores de las personas o los miembros participativos de esta comunidad<br \/>\nRespeto y defensa de la vida. Respeto por la defensa de la vida y la naturaleza; es compromiso fundamental de todo miembro de la comunidad educativa.<\/p>\n<p><strong>Principio al conocimiento.<\/strong> Entendido como la orientaci\u00f3n en la b\u00fasqueda de\u201d saberes\u201d para construir el \u201chacer\u201d dentro de la autonom\u00eda, que conlleve al pleno desarrollo de la personalidad.<br \/>\n<strong>Principio de Cultura.<\/strong> Entendida como el desarrollo de los valores dentro de la diversidad \u00e9tnico, social, ling\u00fc\u00edstico y folcl\u00f3rico para la creaci\u00f3n de una entidad nacional y latinoamericana.<br \/>\n<strong>Principio de la democracia.<\/strong> Desarrollo de la democracia dentro de la libertad, autonom\u00eda y creatividad basadas en la responsabilidad y la tolerancia como cultura de la paz.<br \/>\n<strong>Principio del trabajo.<\/strong> Concibi\u00e9ndolo como la realizaci\u00f3n personal y social para sustentar la vida.[\/vc_column_text][\/vc_tta_section][vc_tta_section title=\u00bbPOL\u00cdTICA Y OBJETIVOS DE CALIDAD\u00bb tab_id=\u00bb1553202116208-8d028f78-28a5&#8243;][vc_column_text]<\/p>\n<h3 class=\"thim-text-title\">Pol\u00edtica de Calidad<\/h3>\n<p>La Instituci\u00f3n Ovy&#8230;<\/p>\n<h3 class=\"thim-text-title\">Objetivos de Calidad<\/h3>\n<ul class=\"thim-list-content\">\n<li>Requisitos y necesidades de los usuarios<\/li>\n<\/ul>\n<p>[\/vc_column_text][\/vc_tta_section][vc_tta_section title=\u00bbENFOQUE PEDAG\u00d3GICO\u00bb tab_id=\u00bb1553203450656-a52e943b-1e54&#8243;][vc_column_text]<\/p>\n<h3 class=\"thim-text-title\">Enfoque Pedag\u00f3gico<\/h3>\n<p>El enfoque pedag\u00f3gic&#8230;[\/vc_column_text][\/vc_tta_section][\/vc_tta_tabs][\/vc_column][\/vc_row][vc_row css=\u00bb.vc_custom_1559532503179{background-color: #95c5f4 !important;}\u00bb][vc_column][vc_row_inner][vc_column_inner]<div class=\"thim-widget-heading template-base\"><div class=\"sc_heading  text-center\"><h3 class=\"title\"><strong>Himno<\/strong> Institucional<\/h3><span class=\"line\"><\/span><\/div><\/div>[\/vc_column_inner][\/vc_row_inner][vc_row_inner][vc_column_inner width=\u00bb1\/3&#8243;]<div class=\"thim-widget-heading template-base\"><div class=\"sc_heading  text-center\"><h3 class=\"title\">CORO<\/h3><span class=\"line\"><\/span><\/div><\/div>[vc_column_text]<\/p>\n<div style=\"text-align: center;\">coro coro coro<\/div>\n<div style=\"text-align: center;\">coro coro<\/div>\n<div style=\"text-align: center;\">coro coro coro<\/div>\n<div style=\"text-align: center;\"><\/div>\n<p>[\/vc_column_text]<div class=\"thim-widget-heading template-base\"><div class=\"sc_heading  text-center\"><h3 class=\"title\">III<\/h3><span class=\"line\"><\/span><\/div><\/div>[vc_column_text]<\/p>\n<div style=\"text-align: center;\">coro coro coro<\/div>\n<div style=\"text-align: center;\">coro coro<\/div>\n<div style=\"text-align: center;\">coro coro coro<\/div>\n<p>[\/vc_column_text][\/vc_column_inner][vc_column_inner width=\u00bb1\/3&#8243;]<div class=\"thim-widget-heading template-base\"><div class=\"sc_heading  text-center\"><h3 class=\"title\">I<\/h3><span class=\"line\"><\/span><\/div><\/div>[vc_column_text]<\/p>\n<div style=\"text-align: center;\">coro coro coro<\/div>\n<div style=\"text-align: center;\">coro coro<\/div>\n<div style=\"text-align: center;\">coro coro coro<\/div>\n<p>[\/vc_column_text]<div class=\"thim-widget-heading template-base\"><div class=\"sc_heading  text-center\"><h3 class=\"title\">IV<\/h3><span class=\"line\"><\/span><\/div><\/div>[vc_column_text]<\/p>\n<div style=\"text-align: center;\">coro coro coro<\/div>\n<div style=\"text-align: center;\">coro coro<\/div>\n<div style=\"text-align: center;\">coro coro coro<\/div>\n<p>[\/vc_column_text][\/vc_column_inner][vc_column_inner width=\u00bb1\/3&#8243;]<div class=\"thim-widget-heading template-base\"><div class=\"sc_heading  text-center\"><h3 class=\"title\">II<\/h3><span class=\"line\"><\/span><\/div><\/div>[vc_column_text]<\/p>\n<div style=\"text-align: center;\">coro coro coro<\/div>\n<div style=\"text-align: center;\">coro coro<\/div>\n<div style=\"text-align: center;\">coro coro coro<\/div>\n<p>[\/vc_column_text]<div class=\"thim-widget-heading template-base\"><div class=\"sc_heading  text-center\"><h3 class=\"title\">V<\/h3><span class=\"line\"><\/span><\/div><\/div>[vc_column_text]<\/p>\n<div style=\"text-align: center;\">coro coro coro<\/div>\n<div style=\"text-align: center;\">coro coro<\/div>\n<div style=\"text-align: center;\">coro coro coro<\/div>\n<p>[\/vc_column_text][\/vc_column_inner][\/vc_row_inner][\/vc_column][\/vc_row]<\/p>\n<\/div>","protected":false},"excerpt":{"rendered":"<p>[vc_row][vc_column][\/vc_column][\/vc_row][vc_row css=\u00bb.vc_custom_1559531433775{margin-bottom: 15px !important;}\u00bb][vc_column width=\u00bb5\/12&#8243; css=\u00bb.vc_custom_1553219212365{margin-bottom: 30px !important;}\u00bb][vc_column_text css=\u00bb\u00bb] Misi\u00f3n La Instituci\u00f3n Educativa fundamenta su quehacer pedag\u00f3gico, promoviendo el respeto de los derechos de todas las partes interesadas de la comunidad educativa, formando integralmente a los estudiantes, desde una perspectiva &hellip; <\/p>\n","protected":false},"author":1,"featured_media":0,"parent":0,"menu_order":0,"comment_status":"closed","ping_status":"closed","template":"","meta":{"footnotes":""},"class_list":["post-11502","page","type-page","status-publish","hentry"],"_links":{"self":[{"href":"https:\/\/pabloneruda.edu.co\/web\/wp-json\/wp\/v2\/pages\/11502","targetHints":{"allow":["GET"]}}],"collection":[{"href":"https:\/\/pabloneruda.edu.co\/web\/wp-json\/wp\/v2\/pages"}],"about":[{"href":"https:\/\/pabloneruda.edu.co\/web\/wp-json\/wp\/v2\/types\/page"}],"author":[{"embeddable":true,"href":"https:\/\/pabloneruda.edu.co\/web\/wp-json\/wp\/v2\/users\/1"}],"replies":[{"embeddable":true,"href":"https:\/\/pabloneruda.edu.co\/web\/wp-json\/wp\/v2\/comments?post=11502"}],"version-history":[{"count":2,"href":"https:\/\/pabloneruda.edu.co\/web\/wp-json\/wp\/v2\/pages\/11502\/revisions"}],"predecessor-version":[{"id":12054,"href":"https:\/\/pabloneruda.edu.co\/web\/wp-json\/wp\/v2\/pages\/11502\/revisions\/12054"}],"wp:attachment":[{"href":"https:\/\/pabloneruda.edu.co\/web\/wp-json\/wp\/v2\/media?parent=11502"}],"curies":[{"name":"wp","href":"https:\/\/api.w.org\/{rel}","templated":true}]}}